{"id":79,"date":"2023-10-17T06:13:45","date_gmt":"2023-10-17T06:13:45","guid":{"rendered":"https:\/\/demo.vesilahdenvpk.fi\/?page_id=79"},"modified":"2023-10-17T11:49:22","modified_gmt":"2023-10-17T11:49:22","slug":"ota-yhteytta","status":"publish","type":"page","link":"https:\/\/vesilahdenvpk.fi\/?page_id=79","title":{"rendered":"Ota yhteytt\u00e4"},"content":{"rendered":"\n<p style=\"font-size:16px\">Huomioithan, ett\u00e4 henke\u00e4 tai omaisuutta uhkaavissa vaaratilanteissa tulee aina soittaa&nbsp;<a rel=\"noreferrer noopener\" href=\"http:\/\/www.112.fi\/\" target=\"_blank\">yleiseen h\u00e4t\u00e4numeroon 112<\/a>.<\/p>\n\n\n\n<p style=\"font-size:16px\">Palokunta suorittaa erikseen sovittessa mm. kalustoesittelyj\u00e4&nbsp;erilaissa tapahtumissa vapaaehtoisvoimin. Mahdollisuutta osallistumiseen&nbsp;voi tiedustella suoraan palokunnan p\u00e4\u00e4llik\u00f6lt\u00e4.<\/p>\n\n\n\n<p style=\"font-size:16px\">Muuttoja, raskaiden esineiden siirtoja, vesialtaiden&nbsp;t\u00e4ytt\u00f6j\u00e4, tai muita vastaavia teht\u00e4vi\u00e4&nbsp;emme suorita.<\/p>\n\n\n\n<div style=\"height:20px\" aria-hidden=\"true\" class=\"wp-block-spacer\"><\/div>\n\n\n\n<hr class=\"wp-block-separator has-text-color has-vivid-red-color has-alpha-channel-opacity has-vivid-red-background-color has-background\"\/>\n\n\n\n<div class=\"wp-block-buttons is-layout-flex wp-block-buttons-is-layout-flex\">\n<div class=\"wp-block-button\"><a class=\"wp-block-button__link wp-element-button\" href=\"https:\/\/demo.vesilahdenvpk.fi\/?page_id=175\">Ota yhteytt\u00e4<\/a><\/div>\n<\/div>\n","protected":false},"excerpt":{"rendered":"<p>Huomioithan, ett\u00e4 henke\u00e4 tai omaisuutta uhkaavissa vaaratilanteissa tulee aina soittaa&nbsp;yleiseen h\u00e4t\u00e4numeroon 112. Palokunta suorittaa erikseen sovittessa mm. kalustoesittelyj\u00e4&nbsp;erilaissa tapahtumissa vapaaehtoisvoimin. Mahdollisuutta osallistumiseen&nbsp;voi tiedustella suoraan palokunnan p\u00e4\u00e4llik\u00f6lt\u00e4. Muuttoja, raskaiden esineiden siirtoja, vesialtaiden&nbsp;t\u00e4ytt\u00f6j\u00e4, tai muita vastaavia teht\u00e4vi\u00e4&nbsp;emme suorita.<\/p>\n","protected":false},"author":1,"featured_media":0,"parent":0,"menu_order":0,"comment_status":"closed","ping_status":"closed","template":"","meta":{"_monsterinsights_skip_tracking":false,"_monsterinsights_sitenote_active":false,"_monsterinsights_sitenote_note":"","_monsterinsights_sitenote_category":0,"ngg_post_thumbnail":0,"footnotes":""},"class_list":["post-79","page","type-page","status-publish","hentry","post"],"aioseo_notices":[],"jetpack_sharing_enabled":true,"_links":{"self":[{"href":"https:\/\/vesilahdenvpk.fi\/index.php?rest_route=\/wp\/v2\/pages\/79","targetHints":{"allow":["GET"]}}],"collection":[{"href":"https:\/\/vesilahdenvpk.fi\/index.php?rest_route=\/wp\/v2\/pages"}],"about":[{"href":"https:\/\/vesilahdenvpk.fi\/index.php?rest_route=\/wp\/v2\/types\/page"}],"author":[{"embeddable":true,"href":"https:\/\/vesilahdenvpk.fi\/index.php?rest_route=\/wp\/v2\/users\/1"}],"replies":[{"embeddable":true,"href":"https:\/\/vesilahdenvpk.fi\/index.php?rest_route=%2Fwp%2Fv2%2Fcomments&post=79"}],"version-history":[{"count":5,"href":"https:\/\/vesilahdenvpk.fi\/index.php?rest_route=\/wp\/v2\/pages\/79\/revisions"}],"predecessor-version":[{"id":180,"href":"https:\/\/vesilahdenvpk.fi\/index.php?rest_route=\/wp\/v2\/pages\/79\/revisions\/180"}],"wp:attachment":[{"href":"https:\/\/vesilahdenvpk.fi\/index.php?rest_route=%2Fwp%2Fv2%2Fmedia&parent=79"}],"curies":[{"name":"wp","href":"https:\/\/api.w.org\/{rel}","templated":true}]}}