{"id":76,"date":"2023-10-17T06:11:29","date_gmt":"2023-10-17T06:11:29","guid":{"rendered":"https:\/\/demo.vesilahdenvpk.fi\/?page_id=76"},"modified":"2025-03-12T10:19:11","modified_gmt":"2025-03-12T10:19:11","slug":"nuoriso-osasto","status":"publish","type":"page","link":"https:\/\/vesilahdenvpk.fi\/?page_id=76","title":{"rendered":"Nuoriso-osasto"},"content":{"rendered":"\n<div class=\"wp-block-cover\"><span aria-hidden=\"true\" class=\"wp-block-cover__background has-background-dim\"><\/span><img fetchpriority=\"high\" decoding=\"async\" width=\"2560\" height=\"1920\" class=\"wp-block-cover__image-background wp-image-89\" alt=\"\" src=\"http:\/\/demo.vesilahdenvpk.fi\/wp-content\/uploads\/2023\/10\/IMG_0973-scaled.jpeg\" data-object-fit=\"cover\" srcset=\"https:\/\/vesilahdenvpk.fi\/wp-content\/uploads\/2023\/10\/IMG_0973-scaled.jpeg 2560w, https:\/\/vesilahdenvpk.fi\/wp-content\/uploads\/2023\/10\/IMG_0973-300x225.jpeg 300w, https:\/\/vesilahdenvpk.fi\/wp-content\/uploads\/2023\/10\/IMG_0973-1024x768.jpeg 1024w, https:\/\/vesilahdenvpk.fi\/wp-content\/uploads\/2023\/10\/IMG_0973-768x576.jpeg 768w, https:\/\/vesilahdenvpk.fi\/wp-content\/uploads\/2023\/10\/IMG_0973-1536x1152.jpeg 1536w, https:\/\/vesilahdenvpk.fi\/wp-content\/uploads\/2023\/10\/IMG_0973-2048x1536.jpeg 2048w\" sizes=\"(max-width: 2560px) 100vw, 2560px\" \/><div class=\"wp-block-cover__inner-container is-layout-constrained wp-block-cover-is-layout-constrained\">\n<p class=\"has-text-align-center has-large-font-size\"><strong>Nuoriso-osasto<\/strong><\/p>\n<\/div><\/div>\n\n\n\n<div style=\"height:20px\" aria-hidden=\"true\" class=\"wp-block-spacer\"><\/div>\n\n\n\n<p style=\"font-size:16px\">Vesilahden VPK:n nuoriso-osaston tavoitteena on kouluttaa nuoria VPK:n j\u00e4seni\u00e4 yleisiss\u00e4 palokuntataidoissa &#8211; opetellaan esimerkiksi ensiapua, alkusammutusta, h\u00e4lytt\u00e4mist\u00e4 ja paljon muita hy\u00f6dyllisi\u00e4 tietoja ja taitoja.<\/p>\n\n\n\n<p style=\"font-size:16px\">Paljon tehd\u00e4\u00e4n muutakin hauskaa yhdess\u00e4, kuten k\u00e4yd\u00e4\u00e4n tutustumisk\u00e4ynneill\u00e4 ja urheillaan kevyesti<\/p>\n\n\n\n<div style=\"height:30px\" aria-hidden=\"true\" class=\"wp-block-spacer\"><\/div>\n\n\n\n<p class=\"has-black-color has-text-color\" style=\"font-size:16px\"><strong>Huomioithan ik\u00e4rajan:<\/strong>&nbsp;Vesilahden VPK:n nuoriso-osastoon voidaan hyv\u00e4ksy\u00e4 j\u00e4seneksi v\u00e4hint\u00e4\u00e4n 10-vuotiaita j\u00e4seni\u00e4 huoltajansa suostumuksella.<\/p>\n\n\n\n<p style=\"font-size:16px\">Vanhemmat ovat my\u00f6s tervetulleita seuraamaan harjoitusten yhteyteen, millaista palokunnan nuorisotoiminta on. Erityisesti ensimm\u00e4isell\u00e4 kerralla vanhemman l\u00e4sn\u00e4olo olisi suotavaa.<\/p>\n\n\n\n<p style=\"font-size:16px\">Ota rohkeasti yhteytt\u00e4 ja kerromme lis\u00e4\u00e4 &#8211;\u00a0<a href=\"mailto:nuoriso@vesilahdenvpk.fi\">nuoriso@vesilahdenvpk.fi<\/a><\/p>\n\n\n\n<div style=\"height:30px\" aria-hidden=\"true\" class=\"wp-block-spacer\"><\/div>\n","protected":false},"excerpt":{"rendered":"<p>Vesilahden VPK:n nuoriso-osaston tavoitteena on kouluttaa nuoria VPK:n j\u00e4seni\u00e4 yleisiss\u00e4 palokuntataidoissa &#8211; opetellaan esimerkiksi ensiapua, alkusammutusta, h\u00e4lytt\u00e4mist\u00e4 ja paljon muita hy\u00f6dyllisi\u00e4 tietoja ja taitoja. Paljon tehd\u00e4\u00e4n muutakin hauskaa yhdess\u00e4, kuten k\u00e4yd\u00e4\u00e4n tutustumisk\u00e4ynneill\u00e4 ja urheillaan kevyesti Huomioithan ik\u00e4rajan:&nbsp;Vesilahden VPK:n nuoriso-osastoon voidaan hyv\u00e4ksy\u00e4 j\u00e4seneksi v\u00e4hint\u00e4\u00e4n 10-vuotiaita j\u00e4seni\u00e4 huoltajansa suostumuksella. Vanhemmat ovat my\u00f6s tervetulleita seuraamaan harjoitusten yhteyteen, millaista [&hellip;]<\/p>\n","protected":false},"author":1,"featured_media":0,"parent":0,"menu_order":0,"comment_status":"closed","ping_status":"closed","template":"","meta":{"_monsterinsights_skip_tracking":false,"_monsterinsights_sitenote_active":false,"_monsterinsights_sitenote_note":"","_monsterinsights_sitenote_category":0,"ngg_post_thumbnail":0,"footnotes":""},"class_list":["post-76","page","type-page","status-publish","hentry","post"],"aioseo_notices":[],"jetpack_sharing_enabled":true,"_links":{"self":[{"href":"https:\/\/vesilahdenvpk.fi\/index.php?rest_route=\/wp\/v2\/pages\/76","targetHints":{"allow":["GET"]}}],"collection":[{"href":"https:\/\/vesilahdenvpk.fi\/index.php?rest_route=\/wp\/v2\/pages"}],"about":[{"href":"https:\/\/vesilahdenvpk.fi\/index.php?rest_route=\/wp\/v2\/types\/page"}],"author":[{"embeddable":true,"href":"https:\/\/vesilahdenvpk.fi\/index.php?rest_route=\/wp\/v2\/users\/1"}],"replies":[{"embeddable":true,"href":"https:\/\/vesilahdenvpk.fi\/index.php?rest_route=%2Fwp%2Fv2%2Fcomments&post=76"}],"version-history":[{"count":8,"href":"https:\/\/vesilahdenvpk.fi\/index.php?rest_route=\/wp\/v2\/pages\/76\/revisions"}],"predecessor-version":[{"id":203,"href":"https:\/\/vesilahdenvpk.fi\/index.php?rest_route=\/wp\/v2\/pages\/76\/revisions\/203"}],"wp:attachment":[{"href":"https:\/\/vesilahdenvpk.fi\/index.php?rest_route=%2Fwp%2Fv2%2Fmedia&parent=76"}],"curies":[{"name":"wp","href":"https:\/\/api.w.org\/{rel}","templated":true}]}}