{"id":53,"date":"2023-10-16T14:44:59","date_gmt":"2023-10-16T14:44:59","guid":{"rendered":"https:\/\/demo.vesilahdenvpk.fi\/?page_id=53"},"modified":"2026-01-26T17:31:25","modified_gmt":"2026-01-26T17:31:25","slug":"halytysosasto","status":"publish","type":"page","link":"https:\/\/vesilahdenvpk.fi\/?page_id=53","title":{"rendered":"H\u00e4lytysosasto"},"content":{"rendered":"\n<div class=\"wp-block-cover is-light\"><span aria-hidden=\"true\" class=\"wp-block-cover__background has-background-dim\"><\/span><img fetchpriority=\"high\" decoding=\"async\" width=\"640\" height=\"640\" class=\"wp-block-cover__image-background wp-image-88\" alt=\"\" src=\"https:\/\/vesilahdenvpk.fi\/wp-content\/uploads\/2023\/10\/Ei-armoa.-Tieliikennepelastaminen-maanantain-harjoitus.-Viton-katto-pois.jpg\" data-object-fit=\"cover\" srcset=\"https:\/\/vesilahdenvpk.fi\/wp-content\/uploads\/2023\/10\/Ei-armoa.-Tieliikennepelastaminen-maanantain-harjoitus.-Viton-katto-pois.jpg 640w, https:\/\/vesilahdenvpk.fi\/wp-content\/uploads\/2023\/10\/Ei-armoa.-Tieliikennepelastaminen-maanantain-harjoitus.-Viton-katto-pois-300x300.jpg 300w, https:\/\/vesilahdenvpk.fi\/wp-content\/uploads\/2023\/10\/Ei-armoa.-Tieliikennepelastaminen-maanantain-harjoitus.-Viton-katto-pois-150x150.jpg 150w, https:\/\/vesilahdenvpk.fi\/wp-content\/uploads\/2023\/10\/Ei-armoa.-Tieliikennepelastaminen-maanantain-harjoitus.-Viton-katto-pois-500x500.jpg 500w\" sizes=\"(max-width: 640px) 100vw, 640px\" \/><div class=\"wp-block-cover__inner-container is-layout-constrained wp-block-cover-is-layout-constrained\">\n<p class=\"has-text-align-center has-white-color has-text-color has-large-font-size\"><strong>H\u00e4lytysosasto<\/strong><\/p>\n<\/div><\/div>\n\n\n\n<div style=\"height:20px\" aria-hidden=\"true\" class=\"wp-block-spacer\"><\/div>\n\n\n\n<p style=\"font-size:16px\">H\u00e4lytysosasto on palokunnan keskeisin osasto;&nbsp; nimens\u00e4 mukaisesti osasto vastaa Pirkanmaan pelastuslaitoksen kanssa tehdyn palokuntasopimuksen mukaisesti alueemme palo- ja pelastusteht\u00e4vien hoidosta.<br><br>H\u00e4lytysosaston vahvuus on noin 20&nbsp;aktiivia. Osaston j\u00e4senill\u00e4 on harjoitukset p\u00e4\u00e4s\u00e4\u00e4nt\u00f6isesti maanantaisin klo 18.00.<br><br>H\u00e4lytysosastoon voi liitty\u00e4 v\u00e4hint\u00e4\u00e4n 18-vuotias normaalikuntoinen mies tai nainen. Palokunnassa uusi j\u00e4sen haastatellaan ja h\u00e4nelle j\u00e4rjestet\u00e4\u00e4n perehdytt\u00e4minen toimintaan, jonka j\u00e4lkeen henkil\u00f6 voi toimia osana palokunnan omia harjoituksia sammutusmiesharjoittelijana.&nbsp;Riitt\u00e4v\u00e4n perehdytt\u00e4misen j\u00e4lkeen harjoittelija osallistuu sammutusty\u00f6kurssille, jonka j\u00e4lkeen henkil\u00f6ll\u00e4 on tarvittavat valmiudet toimia osana h\u00e4lytysteht\u00e4vi\u00e4 kokeneempien sammutusmiesten kanssa.<\/p>\n\n\n\n<p style=\"font-size:16px\">H\u00e4lytysteht\u00e4viin osallistuakseen h\u00e4lytysosaston j\u00e4senen tulee olla t\u00e4ysi-ik\u00e4inen, sammutusty\u00f6kurssin k\u00e4ynyt ja osallistua v\u00e4hint\u00e4\u00e4n 15 h\u00e4lytysosaston harjoitukseen vuodessa.<\/p>\n\n\n\n<hr class=\"wp-block-separator has-text-color has-vivid-red-color has-alpha-channel-opacity has-vivid-red-background-color has-background\"\/>\n\n\n\n<p style=\"font-size:16px\">Mik\u00e4li toimiminen h\u00e4lytysosastossa kiinnostaa, ota rohkeasti yhteytt\u00e4!<\/p>\n\n\n\n<p style=\"font-size:16px\">Lis\u00e4tietoja palokunnan p\u00e4\u00e4llik\u00f6lt\u00e4, Antti Kauppilalta:&nbsp;044 0680762.<\/p>\n\n\n\n<div style=\"height:20px\" aria-hidden=\"true\" class=\"wp-block-spacer\"><\/div>\n\n\n\n<div class=\"wp-block-buttons has-custom-font-size has-small-font-size is-content-justification-left is-layout-flex wp-container-core-buttons-is-layout-fdcfc74e wp-block-buttons-is-layout-flex\">\n<div class=\"wp-block-button has-custom-width wp-block-button__width-25 has-custom-font-size is-style-fill\" style=\"font-size:16px\"><a class=\"wp-block-button__link wp-element-button\" href=\"https:\/\/demo.vesilahdenvpk.fi\/?page_id=175\">Ota yhteytt\u00e4<\/a><\/div>\n<\/div>\n\n\n\n<div style=\"height:30px\" aria-hidden=\"true\" class=\"wp-block-spacer\"><\/div>\n","protected":false},"excerpt":{"rendered":"<p>H\u00e4lytysosasto on palokunnan keskeisin osasto;&nbsp; nimens\u00e4 mukaisesti osasto vastaa Pirkanmaan pelastuslaitoksen kanssa tehdyn palokuntasopimuksen mukaisesti alueemme palo- ja pelastusteht\u00e4vien hoidosta. H\u00e4lytysosaston vahvuus on noin 20&nbsp;aktiivia. Osaston j\u00e4senill\u00e4 on harjoitukset p\u00e4\u00e4s\u00e4\u00e4nt\u00f6isesti maanantaisin klo 18.00. H\u00e4lytysosastoon voi liitty\u00e4 v\u00e4hint\u00e4\u00e4n 18-vuotias normaalikuntoinen mies tai nainen. Palokunnassa uusi j\u00e4sen haastatellaan ja h\u00e4nelle j\u00e4rjestet\u00e4\u00e4n perehdytt\u00e4minen toimintaan, jonka j\u00e4lkeen henkil\u00f6 voi [&hellip;]<\/p>\n","protected":false},"author":1,"featured_media":0,"parent":0,"menu_order":0,"comment_status":"closed","ping_status":"closed","template":"","meta":{"_monsterinsights_skip_tracking":false,"_monsterinsights_sitenote_active":false,"_monsterinsights_sitenote_note":"","_monsterinsights_sitenote_category":0,"ngg_post_thumbnail":0,"footnotes":""},"class_list":["post-53","page","type-page","status-publish","hentry","post"],"aioseo_notices":[],"jetpack_sharing_enabled":true,"_links":{"self":[{"href":"https:\/\/vesilahdenvpk.fi\/index.php?rest_route=\/wp\/v2\/pages\/53","targetHints":{"allow":["GET"]}}],"collection":[{"href":"https:\/\/vesilahdenvpk.fi\/index.php?rest_route=\/wp\/v2\/pages"}],"about":[{"href":"https:\/\/vesilahdenvpk.fi\/index.php?rest_route=\/wp\/v2\/types\/page"}],"author":[{"embeddable":true,"href":"https:\/\/vesilahdenvpk.fi\/index.php?rest_route=\/wp\/v2\/users\/1"}],"replies":[{"embeddable":true,"href":"https:\/\/vesilahdenvpk.fi\/index.php?rest_route=%2Fwp%2Fv2%2Fcomments&post=53"}],"version-history":[{"count":15,"href":"https:\/\/vesilahdenvpk.fi\/index.php?rest_route=\/wp\/v2\/pages\/53\/revisions"}],"predecessor-version":[{"id":208,"href":"https:\/\/vesilahdenvpk.fi\/index.php?rest_route=\/wp\/v2\/pages\/53\/revisions\/208"}],"wp:attachment":[{"href":"https:\/\/vesilahdenvpk.fi\/index.php?rest_route=%2Fwp%2Fv2%2Fmedia&parent=53"}],"curies":[{"name":"wp","href":"https:\/\/api.w.org\/{rel}","templated":true}]}}