{"id":17,"date":"2023-10-16T14:13:28","date_gmt":"2023-10-16T14:13:28","guid":{"rendered":"https:\/\/demo.vesilahdenvpk.fi\/?page_id=17"},"modified":"2023-10-17T09:03:44","modified_gmt":"2023-10-17T09:03:44","slug":"vesilahden-vpk","status":"publish","type":"page","link":"https:\/\/vesilahdenvpk.fi\/?page_id=17","title":{"rendered":"Toiminta"},"content":{"rendered":"\n<div class=\"wp-block-cover\"><span aria-hidden=\"true\" class=\"wp-block-cover__background has-background-dim\"><\/span><img fetchpriority=\"high\" decoding=\"async\" width=\"640\" height=\"479\" class=\"wp-block-cover__image-background wp-image-87\" alt=\"\" src=\"http:\/\/demo.vesilahdenvpk.fi\/wp-content\/uploads\/2023\/10\/Harjoituksissa-varauduttiin-syksyn-myrskyihin-ja-kaatuneisiin-puihin.-Harjoiteltiin-puiden-kaatoa-ja-konkeloiden-kasittelya.jpg\" data-object-fit=\"cover\" srcset=\"https:\/\/vesilahdenvpk.fi\/wp-content\/uploads\/2023\/10\/Harjoituksissa-varauduttiin-syksyn-myrskyihin-ja-kaatuneisiin-puihin.-Harjoiteltiin-puiden-kaatoa-ja-konkeloiden-kasittelya.jpg 640w, https:\/\/vesilahdenvpk.fi\/wp-content\/uploads\/2023\/10\/Harjoituksissa-varauduttiin-syksyn-myrskyihin-ja-kaatuneisiin-puihin.-Harjoiteltiin-puiden-kaatoa-ja-konkeloiden-kasittelya-300x225.jpg 300w\" sizes=\"(max-width: 640px) 100vw, 640px\" \/><div class=\"wp-block-cover__inner-container is-layout-constrained wp-block-cover-is-layout-constrained\">\n<p class=\"has-text-align-center has-large-font-size\"><strong>Vesilahden VPK osana Pirkanmaan palo- ja pelastustoimintaa<\/strong><\/p>\n<\/div><\/div>\n\n\n\n<div style=\"height:20px\" aria-hidden=\"true\" class=\"wp-block-spacer\"><\/div>\n\n\n\n<div class=\"wp-block-columns is-layout-flex wp-container-core-columns-is-layout-9d6595d7 wp-block-columns-is-layout-flex\">\n<div class=\"wp-block-column is-layout-flow wp-block-column-is-layout-flow\" style=\"flex-basis:66.66%\">\n<p style=\"font-size:16px\">Pirkanmaan pelastuslaitos vastaa koko Pirkanmaan alueella onnettomuuksien ennaltaehk\u00e4isyst\u00e4, pelastustoiminnasta ja varautumisesta poikkeusoloihin. Lis\u00e4\u00e4 tietoa Pirkanmaan pelastuslaitoksesta: <a href=\"https:\/\/pelastustoimi.fi\/pirkanmaa\" data-type=\"link\" data-id=\"https:\/\/pelastustoimi.fi\/pirkanmaa\">https:\/\/pelastustoimi.fi\/pirkanmaa<\/a><\/p>\n\n\n\n<p style=\"font-size:16px\">Vakinaisen ammattihenkil\u00f6st\u00f6n lis\u00e4ksi Pirkanmaalla toimii 50 sopimuspalokuntaa, kuten Vesilahden VPK. Vapaaehtoinen palokuntatoiminta onkin varsin t\u00e4rke\u00e4 osa turvallista el\u00e4mist\u00e4 kaupunkikeskustojen ulkopuolella. Sopimuspalokunnat huolehtivat pelastusteht\u00e4vist\u00e4 noin 90 %:n alueella maamme pinta-alasta. T\u00e4ll\u00e4 alueella asuu noin 46 % suomalaisista.<\/p>\n\n\n\n<p class=\"has-medium-font-size\"><strong>S\u00e4\u00e4nn\u00f6llinen harjoittelu onnistuneen pelastustoiminnan perusta<\/strong><\/p>\n\n\n\n<p style=\"font-size:16px\">Toiminta palokunnan eri teht\u00e4viss\u00e4 vaatii runsaasti tietotaitoa ja harjoittelua. Vesilahden VPK:n harjoittelu on suunnitelmallista ja tuloksiin t\u00e4ht\u00e4\u00e4v\u00e4\u00e4 toimintaa, jota toteutetaan sek\u00e4 omalla v\u00e4ell\u00e4 ett\u00e4 yhdess\u00e4 Pirkanmaan alueen muiden toimijoiden kanssa. Harjoittelu pit\u00e4\u00e4 sis\u00e4ll\u00e4\u00e4n teoriaa, k\u00e4yt\u00e4nt\u00f6\u00e4 ja tilanneharjoituksia. Samalla kun perustaitoja hiotaan s\u00e4\u00e4nn\u00f6llisesti, pyrit\u00e4\u00e4n palokuntalaisten osaamista jatkuvasti monipuolistamaan.<\/p>\n\n\n\n<p style=\"font-size:16px\">S\u00e4\u00e4nn\u00f6llisten harjoitusten lis\u00e4ksi j\u00e4senill\u00e4 on mahdollisuus osallistua Pirkanmaan pelastuslaitoksen j\u00e4rjest\u00e4mille&nbsp;kursseille&nbsp;sit\u00e4 mukaa kun taidot kertyv\u00e4t. Harjoittelun ohella palomiesten tietotaitoa ja fyysist\u00e4 kuntoa my\u00f6s testataan s\u00e4\u00e4nn\u00f6llisesti. Esimerkiksi savusukellusta ei saa suorittaa kuin henkil\u00f6t, joilla on siihen testeill\u00e4 todettu kelpoisuus.<\/p>\n\n\n\n<p style=\"font-size:16px\">Toiminnan vastuullisuudesta ja vakavuudesta huolimatta, VPK on harrastustoimintaa ja tekeminen pidet\u00e4\u00e4n hauskana. Kukkiva huumori ja porukkahenki pit\u00e4v\u00e4t huolen siit\u00e4 ett\u00e4 rutiinit eiv\u00e4t maistu puulle ja ett\u00e4 virheist\u00e4 opitaan.<\/p>\n<\/div>\n\n\n\n<div class=\"wp-block-column is-layout-flow wp-block-column-is-layout-flow\" style=\"flex-basis:33.33%\"><div id=\"fb-root\"><\/div>\r\n<script>\r\n\t(function(d, s, id) {\r\n\t\tvar js, fjs = d.getElementsByTagName(s)[0];\r\n\t\tif (d.getElementById(id)) return;\r\n\t\tjs = d.createElement(s);\r\n\t\tjs.id = id;\r\n\t\tjs.src =\r\n\t\t\t\"\/\/connect.facebook.net\/fi_FI\/sdk.js#xfbml=1&version=v2.7\";\r\n\t\tfjs.parentNode.insertBefore(js, fjs);\r\n\t}(document, 'script', 'facebook-jssdk'));\r\n<\/script>\r\n<div class=\"fb-like-box\"\r\n\tdata-height=\"560\"\r\n\tdata-href=\"https:\/\/www.facebook.com\/100070009620112\/\"\r\n\tdata-show-border=\"true\"\r\n\tdata-show-faces=\"false\"\r\n\tdata-stream=\"true\"\r\n\tdata-width=\"1000\"\r\n\tdata-force-wall=\"false\">\r\n<\/div>\r\n\n<\/div>\n<\/div>\n\n\n\n<p style=\"font-size:16px\"><\/p>\n\n\n\n<figure class=\"wp-block-video\"><video height=\"1080\" style=\"aspect-ratio: 1920 \/ 1080;\" width=\"1920\" controls src=\"http:\/\/demo.vesilahdenvpk.fi\/wp-content\/uploads\/2023\/10\/Vesilahden_VPK_-_heikot_jaat_2018_insta.mp4\"><\/video><\/figure>\n\n\n\n<h2 class=\"wp-block-heading has-medium-font-size\">Ajanmukainen ja toimiva kalusto varusteineen apuna<\/h2>\n\n\n\n<p style=\"font-size:16px\">Iso osa palokuntatoimintaa on kaluston tuntemus ja huoltaminen. Vesilahden VPK:n kalustoon kuuluu muun muassa sammutusauto, miehist\u00f6auto ja kaksi venett\u00e4. Jokainen kulkuv\u00e4line on pakattu t\u00e4yteen varusteita eri tilanteissa selvi\u00e4miseen. Niiden l\u00f6yt\u00e4minen ja k\u00e4yt\u00f6n osaaminen tilanteen tullessa vaatii runsaasti harjoittelua.<\/p>\n\n\n\n<p style=\"font-size:16px\">Lis\u00e4\u00e4 tietoa pelastustoiminnasta ja sopimuspalokunnista: <a href=\"https:\/\/pelastustoimi.fi\/pelastustoimi\/sopimuspalokunnat\" data-type=\"link\" data-id=\"https:\/\/pelastustoimi.fi\/pelastustoimi\/sopimuspalokunnat\">https:\/\/pelastustoimi.fi\/pelastustoimi\/sopimuspalokunnat<\/a> sek\u00e4 palokuntatoiminnasta: <a href=\"https:\/\/www.palokuntaan.fi\/\">https:\/\/www.palokuntaan.fi\/<\/a><\/p>\n\n\n\n<div style=\"height:30px\" aria-hidden=\"true\" class=\"wp-block-spacer\"><\/div>\n","protected":false},"excerpt":{"rendered":"<p>Pirkanmaan pelastuslaitos vastaa koko Pirkanmaan alueella onnettomuuksien ennaltaehk\u00e4isyst\u00e4, pelastustoiminnasta ja varautumisesta poikkeusoloihin. Lis\u00e4\u00e4 tietoa Pirkanmaan pelastuslaitoksesta: https:\/\/pelastustoimi.fi\/pirkanmaa Vakinaisen ammattihenkil\u00f6st\u00f6n lis\u00e4ksi Pirkanmaalla toimii 50 sopimuspalokuntaa, kuten Vesilahden VPK. Vapaaehtoinen palokuntatoiminta onkin varsin t\u00e4rke\u00e4 osa turvallista el\u00e4mist\u00e4 kaupunkikeskustojen ulkopuolella. Sopimuspalokunnat huolehtivat pelastusteht\u00e4vist\u00e4 noin 90 %:n alueella maamme pinta-alasta. T\u00e4ll\u00e4 alueella asuu noin 46 % suomalaisista. S\u00e4\u00e4nn\u00f6llinen harjoittelu [&hellip;]<\/p>\n","protected":false},"author":1,"featured_media":0,"parent":0,"menu_order":0,"comment_status":"closed","ping_status":"closed","template":"","meta":{"_monsterinsights_skip_tracking":false,"_monsterinsights_sitenote_active":false,"_monsterinsights_sitenote_note":"","_monsterinsights_sitenote_category":0,"ngg_post_thumbnail":0,"footnotes":""},"class_list":["post-17","page","type-page","status-publish","hentry","post"],"aioseo_notices":[],"jetpack_sharing_enabled":true,"_links":{"self":[{"href":"https:\/\/vesilahdenvpk.fi\/index.php?rest_route=\/wp\/v2\/pages\/17","targetHints":{"allow":["GET"]}}],"collection":[{"href":"https:\/\/vesilahdenvpk.fi\/index.php?rest_route=\/wp\/v2\/pages"}],"about":[{"href":"https:\/\/vesilahdenvpk.fi\/index.php?rest_route=\/wp\/v2\/types\/page"}],"author":[{"embeddable":true,"href":"https:\/\/vesilahdenvpk.fi\/index.php?rest_route=\/wp\/v2\/users\/1"}],"replies":[{"embeddable":true,"href":"https:\/\/vesilahdenvpk.fi\/index.php?rest_route=%2Fwp%2Fv2%2Fcomments&post=17"}],"version-history":[{"count":22,"href":"https:\/\/vesilahdenvpk.fi\/index.php?rest_route=\/wp\/v2\/pages\/17\/revisions"}],"predecessor-version":[{"id":171,"href":"https:\/\/vesilahdenvpk.fi\/index.php?rest_route=\/wp\/v2\/pages\/17\/revisions\/171"}],"wp:attachment":[{"href":"https:\/\/vesilahdenvpk.fi\/index.php?rest_route=%2Fwp%2Fv2%2Fmedia&parent=17"}],"curies":[{"name":"wp","href":"https:\/\/api.w.org\/{rel}","templated":true}]}}