{"id":136,"date":"2023-10-17T08:30:26","date_gmt":"2023-10-17T08:30:26","guid":{"rendered":"https:\/\/demo.vesilahdenvpk.fi\/?page_id=136"},"modified":"2023-10-17T11:51:38","modified_gmt":"2023-10-17T11:51:38","slug":"onko-sinussa-ainesta-vapaapalokuntalaiseksi","status":"publish","type":"page","link":"https:\/\/vesilahdenvpk.fi\/?page_id=136","title":{"rendered":"Liity mukaan"},"content":{"rendered":"\n<div class=\"wp-block-cover is-light\"><span aria-hidden=\"true\" class=\"wp-block-cover__background has-background-dim\"><\/span><img fetchpriority=\"high\" decoding=\"async\" width=\"640\" height=\"640\" class=\"wp-block-cover__image-background wp-image-85\" alt=\"\" src=\"http:\/\/demo.vesilahdenvpk.fi\/wp-content\/uploads\/2023\/10\/Treenia-ja-Treenia.-Hiki-tuli-letkuja-kelatessa-takaisin-kasseihin.jpg\" data-object-fit=\"cover\" srcset=\"https:\/\/vesilahdenvpk.fi\/wp-content\/uploads\/2023\/10\/Treenia-ja-Treenia.-Hiki-tuli-letkuja-kelatessa-takaisin-kasseihin.jpg 640w, https:\/\/vesilahdenvpk.fi\/wp-content\/uploads\/2023\/10\/Treenia-ja-Treenia.-Hiki-tuli-letkuja-kelatessa-takaisin-kasseihin-300x300.jpg 300w, https:\/\/vesilahdenvpk.fi\/wp-content\/uploads\/2023\/10\/Treenia-ja-Treenia.-Hiki-tuli-letkuja-kelatessa-takaisin-kasseihin-150x150.jpg 150w, https:\/\/vesilahdenvpk.fi\/wp-content\/uploads\/2023\/10\/Treenia-ja-Treenia.-Hiki-tuli-letkuja-kelatessa-takaisin-kasseihin-500x500.jpg 500w\" sizes=\"(max-width: 640px) 100vw, 640px\" \/><div class=\"wp-block-cover__inner-container is-layout-constrained wp-block-cover-is-layout-constrained\">\n<p class=\"has-text-align-center has-white-color has-text-color has-large-font-size\"><strong>Onko sinussa ainesta vapaapalokuntalaiseksi?<\/strong><\/p>\n<\/div><\/div>\n\n\n\n<div style=\"height:20px\" aria-hidden=\"true\" class=\"wp-block-spacer\"><\/div>\n\n\n\n<p style=\"font-size:16px\">Vapaaehtoinen palokuntatoiminta on antoisaa yhdess\u00e4oloa ja fyysisesti vaativaa toimintaa. Tekemist\u00e4 l\u00f6ytyy kaikille: tyt\u00f6ille, pojille, miehille ja naisille.&nbsp;Me tarjoamme toiminnan vaatiman koulutuksen, ty\u00f6v\u00e4lineet ja asianmukaisen varustuksen.&nbsp;<\/p>\n\n\n\n<p style=\"font-size:16px\">Vapaaehtoispalokuntatoiminta tarjoaa monipuolista tekemist\u00e4, kavereita,&nbsp;liikuntaa&nbsp;ja haasteita &#8211; joskus jopa vuorokaudenajasta riippumatta.&nbsp;Harjoitusten my\u00f6t\u00e4 fyysinen kuntokin varmasti paranee, tulee ulkoiltua sek\u00e4 saatua ajatukset irti arjesta.&nbsp;Huippukuntoa&nbsp;kuntoa ei siis tarvita aloittaakseen: normaali fyysinen ja henkinen kunto riitt\u00e4\u00e4.&nbsp;<\/p>\n\n\n\n<p style=\"font-size:16px\">Mit\u00e4\u00e4n&nbsp;erityisi\u00e4 p\u00e4\u00e4syvaatimuksia palokuntaan liittymiselle ei ole, kunhan vain on&nbsp;oikeanlainen asenne, sek\u00e4 yleinen kiinnostus toimintaan.&nbsp;H\u00e4lytysosastossa toimiminen&nbsp;edellytt\u00e4\u00e4 kuitenkin perehdytyskoulutusta, sammutusty\u00f6kurssin suorittamista sek\u00e4 kuntotestien ja terveystarkastusten l\u00e4p\u00e4isy\u00e4.<\/p>\n\n\n\n<p style=\"font-size:16px\">Emme hae mit\u00e4\u00e4n supersankareita, perusterve henkil\u00f6 p\u00e4rj\u00e4\u00e4 joukossa varmasti. Eduksi katsotaan jos tulet toimeen erilaisten ihmisten kanssa, et pelk\u00e4\u00e4 tarttua uusiin haasteisiin, pid\u00e4t k\u00e4sill\u00e4 teht\u00e4v\u00e4st\u00e4 ty\u00f6st\u00e4 ja p\u00e4rj\u00e4\u00e4t fyysisess\u00e4 ty\u00f6ss\u00e4.<\/p>\n\n\n\n<p style=\"font-size:16px\">My\u00f6s k\u00e4rsiv\u00e4llisyys on hyve: sammutusmiesharjoittelijat eiv\u00e4t viel\u00e4 p\u00e4\u00e4se mukaan h\u00e4lytysteht\u00e4ville, tai edes harjoituksissa sahaamaan moottorisahalla ovia halki; ensin on hyv\u00e4 seurata muutamia harjoituksia sivusta, ett\u00e4 n\u00e4hd\u00e4\u00e4n mihin ollaan ryhtym\u00e4ss\u00e4.<\/p>\n\n\n\n<p style=\"font-size:16px\"><strong>Jos koet vapaaehtoispalokuntatoiminnan omaksesi, olet tervetullut joukkoomme!<\/strong><\/p>\n\n\n\n<hr class=\"wp-block-separator has-text-color has-vivid-red-color has-alpha-channel-opacity has-vivid-red-background-color has-background\"\/>\n\n\n\n<p style=\"font-size:16px\">Huomioithan muutaman asian ik\u00e4rajoista:\u200b<\/p>\n\n\n\n<div class=\"wp-block-columns is-layout-flex wp-container-core-columns-is-layout-9d6595d7 wp-block-columns-is-layout-flex\">\n<div class=\"wp-block-column is-layout-flow wp-block-column-is-layout-flow\">\n<p style=\"font-size:16px\"><strong>H\u00c4LYTYSOSASTO<\/strong><\/p>\n\n\n\n<p style=\"font-size:16px\">H\u00e4lytysosastossa alaik\u00e4raja liittymiselle on 16 vuotta (huomaa ett\u00e4 h\u00e4lytyksiin ei p\u00e4\u00e4se ennen t\u00e4ysi-ik\u00e4isyytt\u00e4).<\/p>\n<\/div>\n\n\n\n<div class=\"wp-block-column is-layout-flow wp-block-column-is-layout-flow\">\n<p style=\"font-size:16px\"><strong>NUORISO-OSASTO\u200b<\/strong><\/p>\n\n\n\n<p style=\"font-size:16px\">Nuoriso-osastoon voidaan hyv\u00e4ksy\u00e4 j\u00e4seneksi v\u00e4hint\u00e4\u00e4n 10-vuotiaita j\u00e4seni\u00e4 huoltajansa suostumuksella.<\/p>\n<\/div>\n<\/div>\n\n\n\n<p style=\"font-size:16px\">Mik\u00e4li toiminta kiinnostaa, niin t\u00e4yt\u00e4 <a href=\"https:\/\/demo.vesilahdenvpk.fi\/?page_id=175\" title=\"yhteydenottolomake\">yhteydenottolomake<\/a>, l\u00e4het\u00e4 <a href=\"mailto:info@vesilahdenvpk.fi\" title=\"s\u00e4hk\u00f6postitse\">s\u00e4hk\u00f6postia<\/a> tai ole yhteydess\u00e4\u00a0palokunnan p\u00e4\u00e4llikk\u00f6\u00f6n <a href=\"https:\/\/demo.vesilahdenvpk.fi\/?page_id=79\" title=\"puhelimitse\">puhelimitse<\/a>.<\/p>\n\n\n\n<hr class=\"wp-block-separator has-text-color has-vivid-red-color has-alpha-channel-opacity has-vivid-red-background-color has-background\"\/>\n\n\n\n<p style=\"font-size:16px\"><strong>HUOM!<\/strong>&nbsp;Yhdistyksess\u00e4 toimii t\u00e4ll\u00e4 hetkell\u00e4 aktiivisesti h\u00e4lytys- ja nuoriso-osastot; nais-, ja veteraaniosastot eiv\u00e4t ole toistaiseksi toiminnassa.<\/p>\n\n\n\n<div style=\"height:45px\" aria-hidden=\"true\" class=\"wp-block-spacer\"><\/div>\n","protected":false},"excerpt":{"rendered":"<p>Vapaaehtoinen palokuntatoiminta on antoisaa yhdess\u00e4oloa ja fyysisesti vaativaa toimintaa. Tekemist\u00e4 l\u00f6ytyy kaikille: tyt\u00f6ille, pojille, miehille ja naisille.&nbsp;Me tarjoamme toiminnan vaatiman koulutuksen, ty\u00f6v\u00e4lineet ja asianmukaisen varustuksen.&nbsp; Vapaaehtoispalokuntatoiminta tarjoaa monipuolista tekemist\u00e4, kavereita,&nbsp;liikuntaa&nbsp;ja haasteita &#8211; joskus jopa vuorokaudenajasta riippumatta.&nbsp;Harjoitusten my\u00f6t\u00e4 fyysinen kuntokin varmasti paranee, tulee ulkoiltua sek\u00e4 saatua ajatukset irti arjesta.&nbsp;Huippukuntoa&nbsp;kuntoa ei siis tarvita aloittaakseen: normaali fyysinen ja [&hellip;]<\/p>\n","protected":false},"author":1,"featured_media":0,"parent":0,"menu_order":0,"comment_status":"closed","ping_status":"closed","template":"","meta":{"_monsterinsights_skip_tracking":false,"_monsterinsights_sitenote_active":false,"_monsterinsights_sitenote_note":"","_monsterinsights_sitenote_category":0,"ngg_post_thumbnail":0,"footnotes":""},"class_list":["post-136","page","type-page","status-publish","hentry","post"],"aioseo_notices":[],"jetpack_sharing_enabled":true,"_links":{"self":[{"href":"https:\/\/vesilahdenvpk.fi\/index.php?rest_route=\/wp\/v2\/pages\/136","targetHints":{"allow":["GET"]}}],"collection":[{"href":"https:\/\/vesilahdenvpk.fi\/index.php?rest_route=\/wp\/v2\/pages"}],"about":[{"href":"https:\/\/vesilahdenvpk.fi\/index.php?rest_route=\/wp\/v2\/types\/page"}],"author":[{"embeddable":true,"href":"https:\/\/vesilahdenvpk.fi\/index.php?rest_route=\/wp\/v2\/users\/1"}],"replies":[{"embeddable":true,"href":"https:\/\/vesilahdenvpk.fi\/index.php?rest_route=%2Fwp%2Fv2%2Fcomments&post=136"}],"version-history":[{"count":8,"href":"https:\/\/vesilahdenvpk.fi\/index.php?rest_route=\/wp\/v2\/pages\/136\/revisions"}],"predecessor-version":[{"id":183,"href":"https:\/\/vesilahdenvpk.fi\/index.php?rest_route=\/wp\/v2\/pages\/136\/revisions\/183"}],"wp:attachment":[{"href":"https:\/\/vesilahdenvpk.fi\/index.php?rest_route=%2Fwp%2Fv2%2Fmedia&parent=136"}],"curies":[{"name":"wp","href":"https:\/\/api.w.org\/{rel}","templated":true}]}}